{"id":2538,"date":"2025-11-27T23:31:04","date_gmt":"2025-11-27T23:31:04","guid":{"rendered":"https:\/\/entrelazadogs.es\/blog\/"},"modified":"2025-12-31T15:24:06","modified_gmt":"2025-12-31T15:24:06","slug":"blog","status":"publish","type":"page","link":"https:\/\/entrelazadogs.es\/ca\/blog\/","title":{"rendered":"Blog"},"content":{"rendered":"\t\t<div data-elementor-type=\"wp-page\" data-elementor-id=\"2538\" class=\"elementor elementor-2538 elementor-1428\" data-elementor-post-type=\"page\">\n\t\t\t\t<div class=\"elementor-element elementor-element-36a52018 e-flex e-con-boxed e-con e-parent\" data-id=\"36a52018\" data-element_type=\"container\" data-e-type=\"container\" data-settings=\"{&quot;background_background&quot;:&quot;classic&quot;,&quot;shape_divider_bottom&quot;:&quot;split&quot;}\">\n\t\t\t\t\t<div class=\"e-con-inner\">\n\t\t\t\t<div class=\"elementor-shape elementor-shape-bottom\" aria-hidden=\"true\" data-negative=\"false\">\n\t\t\t<svg xmlns=\"http:\/\/www.w3.org\/2000\/svg\" viewBox=\"0 0 1000 20\" preserveAspectRatio=\"none\">\n\t<path class=\"elementor-shape-fill\" d=\"M0,0v3c0,0,393.8,0,483.4,0c9.2,0,16.6,7.4,16.6,16.6c0-9.1,7.4-16.6,16.6-16.6C606.2,3,1000,3,1000,3V0H0z\"\/>\n<\/svg>\t\t<\/div>\n\t\t<div class=\"elementor-element elementor-element-33cbcebd e-flex e-con-boxed e-con e-child\" data-id=\"33cbcebd\" data-element_type=\"container\" data-e-type=\"container\">\n\t\t\t\t\t<div class=\"e-con-inner\">\n\t\t\t\t<div class=\"elementor-element elementor-element-54451f3 text-center elementor-widget elementor-widget-tp-heading-title\" data-id=\"54451f3\" data-element_type=\"widget\" data-e-type=\"widget\" data-widget_type=\"tp-heading-title.default\">\n\t\t\t\t\t<div class=\"heading heading_style heading_style69f7f7cb72b18 style-1 \"  data-tp-gsap-heading-text=\"\" data-tp-gsap-sub-heading-text=\"\"><div class=\"sub-style\" ><div class=\"head-title \" > <h2  class=\"heading-title   \"  data-hover=\"Blog\">Blog<span class=\"title-s \">  <\/span><\/h2><\/div><\/div><\/div>\t\t\t\t<\/div>\n\t\t\t\t\t<\/div>\n\t\t\t\t<\/div>\n\t\t\t\t\t<\/div>\n\t\t\t\t<\/div>\n\t\t<div class=\"elementor-element elementor-element-49b27385 e-flex e-con-boxed e-con e-parent\" data-id=\"49b27385\" data-element_type=\"container\" data-e-type=\"container\">\n\t\t\t\t\t<div class=\"e-con-inner\">\n\t\t<div class=\"elementor-element elementor-element-57e7de6b e-con-full e-flex e-con e-child\" data-id=\"57e7de6b\" data-element_type=\"container\" data-e-type=\"container\">\n\t\t\t\t<div class=\"elementor-element elementor-element-69cc98c elementor-grid-4 elementor-grid-tablet-2 elementor-grid-mobile-1 elementor-posts--thumbnail-top elementor-card-shadow-yes elementor-posts__hover-gradient elementor-widget elementor-widget-posts\" data-id=\"69cc98c\" data-element_type=\"widget\" data-e-type=\"widget\" data-settings=\"{&quot;cards_columns&quot;:&quot;4&quot;,&quot;cards_columns_tablet&quot;:&quot;2&quot;,&quot;cards_columns_mobile&quot;:&quot;1&quot;,&quot;cards_row_gap&quot;:{&quot;unit&quot;:&quot;px&quot;,&quot;size&quot;:35,&quot;sizes&quot;:[]},&quot;cards_row_gap_widescreen&quot;:{&quot;unit&quot;:&quot;px&quot;,&quot;size&quot;:&quot;&quot;,&quot;sizes&quot;:[]},&quot;cards_row_gap_laptop&quot;:{&quot;unit&quot;:&quot;px&quot;,&quot;size&quot;:&quot;&quot;,&quot;sizes&quot;:[]},&quot;cards_row_gap_tablet_extra&quot;:{&quot;unit&quot;:&quot;px&quot;,&quot;size&quot;:&quot;&quot;,&quot;sizes&quot;:[]},&quot;cards_row_gap_tablet&quot;:{&quot;unit&quot;:&quot;px&quot;,&quot;size&quot;:&quot;&quot;,&quot;sizes&quot;:[]},&quot;cards_row_gap_mobile_extra&quot;:{&quot;unit&quot;:&quot;px&quot;,&quot;size&quot;:&quot;&quot;,&quot;sizes&quot;:[]},&quot;cards_row_gap_mobile&quot;:{&quot;unit&quot;:&quot;px&quot;,&quot;size&quot;:&quot;&quot;,&quot;sizes&quot;:[]}}\" data-widget_type=\"posts.cards\">\n\t\t\t\t<div class=\"elementor-widget-container\">\n\t\t\t\t\t\t\t<div class=\"elementor-posts-container elementor-posts elementor-posts--skin-cards elementor-grid\">\n\t\t\t\t<article class=\"elementor-post elementor-grid-item post-2713 post type-post status-publish format-standard has-post-thumbnail hentry category-sin-categoria\">\n\t\t\t<div class=\"elementor-post__card\">\n\t\t\t\t<a class=\"elementor-post__thumbnail__link\" href=\"https:\/\/entrelazadogs.es\/ca\/autisme-i-gossos-de-quina-manera-els-gossos-poden-ajudar-les-persones-amb-tea\/\" tabindex=\"-1\" ><div class=\"elementor-post__thumbnail\"><img fetchpriority=\"high\" decoding=\"async\" width=\"900\" height=\"601\" src=\"https:\/\/entrelazadogs.es\/wp-content\/uploads\/2025\/11\/tea-entrelazadogs.jpg\" class=\"attachment-full size-full wp-image-2715\" alt=\"\" srcset=\"https:\/\/entrelazadogs.es\/wp-content\/uploads\/2025\/11\/tea-entrelazadogs.jpg 900w, https:\/\/entrelazadogs.es\/wp-content\/uploads\/2025\/11\/tea-entrelazadogs-300x200.jpg 300w, https:\/\/entrelazadogs.es\/wp-content\/uploads\/2025\/11\/tea-entrelazadogs-768x513.jpg 768w\" sizes=\"(max-width: 900px) 100vw, 900px\" \/><\/div><\/a>\n\t\t\t\t<div class=\"elementor-post__text\">\n\t\t\t\t<h3 class=\"elementor-post__title\">\n\t\t\t<a href=\"https:\/\/entrelazadogs.es\/ca\/autisme-i-gossos-de-quina-manera-els-gossos-poden-ajudar-les-persones-amb-tea\/\" >\n\t\t\t\tAutisme i Gossos: De quina manera els gossos poden ajudar les persones amb TEA?\t\t\t<\/a>\n\t\t<\/h3>\n\t\t\t\t<div class=\"elementor-post__excerpt\">\n\t\t\t<p>Qu\u00e8 \u00e9s el Trastorn de l\u00b4Espectre Autista? L&#8217;autisme \u00e9s un trastorn d&#8217;origen neurobiol\u00f2gic que incideix en la configuraci\u00f3 del sistema<\/p>\n\t\t<\/div>\n\t\t\t\t\t<div class=\"elementor-post__read-more-wrapper\">\n\t\t\n\t\t<a class=\"elementor-post__read-more\" href=\"https:\/\/entrelazadogs.es\/ca\/autisme-i-gossos-de-quina-manera-els-gossos-poden-ajudar-les-persones-amb-tea\/\" aria-label=\"Read more about Autisme i Gossos: De quina manera els gossos poden ajudar les persones amb TEA?\" tabindex=\"-1\" >\n\t\t\tLlegir m\u00e9s \u00bb\t\t<\/a>\n\n\t\t\t\t\t<\/div>\n\t\t\t\t<\/div>\n\t\t\t\t\t<\/div>\n\t\t<\/article>\n\t\t\t\t<article class=\"elementor-post elementor-grid-item post-2721 post type-post status-publish format-standard has-post-thumbnail hentry category-sin-categoria\">\n\t\t\t<div class=\"elementor-post__card\">\n\t\t\t\t<a class=\"elementor-post__thumbnail__link\" href=\"https:\/\/entrelazadogs.es\/ca\/biofilia\/\" tabindex=\"-1\" ><div class=\"elementor-post__thumbnail\"><img decoding=\"async\" width=\"900\" height=\"600\" src=\"https:\/\/entrelazadogs.es\/wp-content\/uploads\/2025\/11\/biofilia-entrelazadogs.jpg\" class=\"attachment-full size-full wp-image-2722\" alt=\"\" srcset=\"https:\/\/entrelazadogs.es\/wp-content\/uploads\/2025\/11\/biofilia-entrelazadogs.jpg 900w, https:\/\/entrelazadogs.es\/wp-content\/uploads\/2025\/11\/biofilia-entrelazadogs-300x200.jpg 300w, https:\/\/entrelazadogs.es\/wp-content\/uploads\/2025\/11\/biofilia-entrelazadogs-768x512.jpg 768w\" sizes=\"(max-width: 900px) 100vw, 900px\" \/><\/div><\/a>\n\t\t\t\t<div class=\"elementor-post__text\">\n\t\t\t\t<h3 class=\"elementor-post__title\">\n\t\t\t<a href=\"https:\/\/entrelazadogs.es\/ca\/biofilia\/\" >\n\t\t\t\tBiof\u00edlia\t\t\t<\/a>\n\t\t<\/h3>\n\t\t\t\t<div class=\"elementor-post__excerpt\">\n\t\t\t<p>Qu\u00e8 \u00e9s la biof\u00edlia? La biof\u00edlia \u00e9s el nostre sentit de connexi\u00f3 amb la natura. Etimol\u00f2gicament la paraula biof\u00edlia prov\u00e9<\/p>\n\t\t<\/div>\n\t\t\t\t\t<div class=\"elementor-post__read-more-wrapper\">\n\t\t\n\t\t<a class=\"elementor-post__read-more\" href=\"https:\/\/entrelazadogs.es\/ca\/biofilia\/\" aria-label=\"Read more about Biof\u00edlia\" tabindex=\"-1\" >\n\t\t\tLlegir m\u00e9s \u00bb\t\t<\/a>\n\n\t\t\t\t\t<\/div>\n\t\t\t\t<\/div>\n\t\t\t\t\t<\/div>\n\t\t<\/article>\n\t\t\t\t<article class=\"elementor-post elementor-grid-item post-2717 post type-post status-publish format-standard has-post-thumbnail hentry category-sin-categoria\">\n\t\t\t<div class=\"elementor-post__card\">\n\t\t\t\t<a class=\"elementor-post__thumbnail__link\" href=\"https:\/\/entrelazadogs.es\/ca\/afeccio-la-seva-repercussio-a-la-infancia-ia-la-vida-adulta\/\" tabindex=\"-1\" ><div class=\"elementor-post__thumbnail\"><img decoding=\"async\" width=\"900\" height=\"600\" src=\"https:\/\/entrelazadogs.es\/wp-content\/uploads\/2025\/11\/apego-definicion.jpg\" class=\"attachment-full size-full wp-image-2719\" alt=\"\" srcset=\"https:\/\/entrelazadogs.es\/wp-content\/uploads\/2025\/11\/apego-definicion.jpg 900w, https:\/\/entrelazadogs.es\/wp-content\/uploads\/2025\/11\/apego-definicion-300x200.jpg 300w, https:\/\/entrelazadogs.es\/wp-content\/uploads\/2025\/11\/apego-definicion-768x512.jpg 768w\" sizes=\"(max-width: 900px) 100vw, 900px\" \/><\/div><\/a>\n\t\t\t\t<div class=\"elementor-post__text\">\n\t\t\t\t<h3 class=\"elementor-post__title\">\n\t\t\t<a href=\"https:\/\/entrelazadogs.es\/ca\/afeccio-la-seva-repercussio-a-la-infancia-ia-la-vida-adulta\/\" >\n\t\t\t\tAfecci\u00f3: La seva repercussi\u00f3 a la inf\u00e0ncia ia la vida adulta\t\t\t<\/a>\n\t\t<\/h3>\n\t\t\t\t<div class=\"elementor-post__excerpt\">\n\t\t\t<p>Qu\u00e8 \u00e9s l&#8217;aferrament? Quan parlem d&#8217;aferrament ens referim a un tipus de lla\u00e7 afectiu i emocional que es d\u00f3na entre<\/p>\n\t\t<\/div>\n\t\t\t\t\t<div class=\"elementor-post__read-more-wrapper\">\n\t\t\n\t\t<a class=\"elementor-post__read-more\" href=\"https:\/\/entrelazadogs.es\/ca\/afeccio-la-seva-repercussio-a-la-infancia-ia-la-vida-adulta\/\" aria-label=\"Read more about Afecci\u00f3: La seva repercussi\u00f3 a la inf\u00e0ncia ia la vida adulta\" tabindex=\"-1\" >\n\t\t\tLlegir m\u00e9s \u00bb\t\t<\/a>\n\n\t\t\t\t\t<\/div>\n\t\t\t\t<\/div>\n\t\t\t\t\t<\/div>\n\t\t<\/article>\n\t\t\t\t<article class=\"elementor-post elementor-grid-item post-2725 post type-post status-publish format-standard has-post-thumbnail hentry category-sin-categoria\">\n\t\t\t<div class=\"elementor-post__card\">\n\t\t\t\t<a class=\"elementor-post__thumbnail__link\" href=\"https:\/\/entrelazadogs.es\/ca\/fobia-als-gossos-caracteristiques-i-tractament\/\" tabindex=\"-1\" ><div class=\"elementor-post__thumbnail\"><img loading=\"lazy\" decoding=\"async\" width=\"900\" height=\"600\" src=\"https:\/\/entrelazadogs.es\/wp-content\/uploads\/2025\/11\/cinofobia-entrelazadogs.jpg\" class=\"attachment-full size-full wp-image-2726\" alt=\"\" srcset=\"https:\/\/entrelazadogs.es\/wp-content\/uploads\/2025\/11\/cinofobia-entrelazadogs.jpg 900w, https:\/\/entrelazadogs.es\/wp-content\/uploads\/2025\/11\/cinofobia-entrelazadogs-300x200.jpg 300w, https:\/\/entrelazadogs.es\/wp-content\/uploads\/2025\/11\/cinofobia-entrelazadogs-768x512.jpg 768w\" sizes=\"(max-width: 900px) 100vw, 900px\" \/><\/div><\/a>\n\t\t\t\t<div class=\"elementor-post__text\">\n\t\t\t\t<h3 class=\"elementor-post__title\">\n\t\t\t<a href=\"https:\/\/entrelazadogs.es\/ca\/fobia-als-gossos-caracteristiques-i-tractament\/\" >\n\t\t\t\tF\u00f2bia als gossos: Caracter\u00edstiques i tractament\t\t\t<\/a>\n\t\t<\/h3>\n\t\t\t\t<div class=\"elementor-post__excerpt\">\n\t\t\t<p>Qu\u00e8 \u00e9s la f\u00f2bia als gossos? La f\u00f2bia als gossos, tamb\u00e9 anomenada \u201ccinof\u00f2bia\u201d es tracta d&#8217;una por excessiva o desmesurada<\/p>\n\t\t<\/div>\n\t\t\t\t\t<div class=\"elementor-post__read-more-wrapper\">\n\t\t\n\t\t<a class=\"elementor-post__read-more\" href=\"https:\/\/entrelazadogs.es\/ca\/fobia-als-gossos-caracteristiques-i-tractament\/\" aria-label=\"Read more about F\u00f2bia als gossos: Caracter\u00edstiques i tractament\" tabindex=\"-1\" >\n\t\t\tLlegir m\u00e9s \u00bb\t\t<\/a>\n\n\t\t\t\t\t<\/div>\n\t\t\t\t<\/div>\n\t\t\t\t\t<\/div>\n\t\t<\/article>\n\t\t\t\t<article class=\"elementor-post elementor-grid-item post-2729 post type-post status-publish format-standard has-post-thumbnail hentry category-sin-categoria\">\n\t\t\t<div class=\"elementor-post__card\">\n\t\t\t\t<a class=\"elementor-post__thumbnail__link\" href=\"https:\/\/entrelazadogs.es\/ca\/atencio-primerenca-la-seva-importancia-i-beneficis\/\" tabindex=\"-1\" ><div class=\"elementor-post__thumbnail\"><img loading=\"lazy\" decoding=\"async\" width=\"900\" height=\"600\" src=\"https:\/\/entrelazadogs.es\/wp-content\/uploads\/2025\/11\/atencion-temprana-tipos.jpg\" class=\"attachment-full size-full wp-image-2733\" alt=\"\" srcset=\"https:\/\/entrelazadogs.es\/wp-content\/uploads\/2025\/11\/atencion-temprana-tipos.jpg 900w, https:\/\/entrelazadogs.es\/wp-content\/uploads\/2025\/11\/atencion-temprana-tipos-300x200.jpg 300w, https:\/\/entrelazadogs.es\/wp-content\/uploads\/2025\/11\/atencion-temprana-tipos-768x512.jpg 768w\" sizes=\"(max-width: 900px) 100vw, 900px\" \/><\/div><\/a>\n\t\t\t\t<div class=\"elementor-post__text\">\n\t\t\t\t<h3 class=\"elementor-post__title\">\n\t\t\t<a href=\"https:\/\/entrelazadogs.es\/ca\/atencio-primerenca-la-seva-importancia-i-beneficis\/\" >\n\t\t\t\tAtenci\u00f3 Primerenca: La seva import\u00e0ncia i beneficis\t\t\t<\/a>\n\t\t<\/h3>\n\t\t\t\t<div class=\"elementor-post__excerpt\">\n\t\t\t<p>Qu\u00e8 \u00e9s l&#8217;atenci\u00f3 primerenca? El Llibre Blanc de l&#8217;Atenci\u00f3 Primerenca (document realitzat per la Federaci\u00f3 Estatal d&#8217;Associacions de Professionals d&#8217;Atenci\u00f3<\/p>\n\t\t<\/div>\n\t\t\t\t\t<div class=\"elementor-post__read-more-wrapper\">\n\t\t\n\t\t<a class=\"elementor-post__read-more\" href=\"https:\/\/entrelazadogs.es\/ca\/atencio-primerenca-la-seva-importancia-i-beneficis\/\" aria-label=\"Read more about Atenci\u00f3 Primerenca: La seva import\u00e0ncia i beneficis\" tabindex=\"-1\" >\n\t\t\tLlegir m\u00e9s \u00bb\t\t<\/a>\n\n\t\t\t\t\t<\/div>\n\t\t\t\t<\/div>\n\t\t\t\t\t<\/div>\n\t\t<\/article>\n\t\t\t\t<article class=\"elementor-post elementor-grid-item post-2735 post type-post status-publish format-standard has-post-thumbnail hentry category-sin-categoria\">\n\t\t\t<div class=\"elementor-post__card\">\n\t\t\t\t<a class=\"elementor-post__thumbnail__link\" href=\"https:\/\/entrelazadogs.es\/ca\/problemes-de-conducta-en-nens-adolescents-i-adults\/\" tabindex=\"-1\" ><div class=\"elementor-post__thumbnail\"><img loading=\"lazy\" decoding=\"async\" width=\"933\" height=\"640\" src=\"https:\/\/entrelazadogs.es\/wp-content\/uploads\/2025\/11\/desobediencia-entrelazadogs.jpg\" class=\"attachment-full size-full wp-image-2737\" alt=\"\" srcset=\"https:\/\/entrelazadogs.es\/wp-content\/uploads\/2025\/11\/desobediencia-entrelazadogs.jpg 933w, https:\/\/entrelazadogs.es\/wp-content\/uploads\/2025\/11\/desobediencia-entrelazadogs-300x206.jpg 300w, https:\/\/entrelazadogs.es\/wp-content\/uploads\/2025\/11\/desobediencia-entrelazadogs-768x527.jpg 768w\" sizes=\"(max-width: 933px) 100vw, 933px\" \/><\/div><\/a>\n\t\t\t\t<div class=\"elementor-post__text\">\n\t\t\t\t<h3 class=\"elementor-post__title\">\n\t\t\t<a href=\"https:\/\/entrelazadogs.es\/ca\/problemes-de-conducta-en-nens-adolescents-i-adults\/\" >\n\t\t\t\tProblemes de Conducta en nens, adolescents i adults\t\t\t<\/a>\n\t\t<\/h3>\n\t\t\t\t<div class=\"elementor-post__excerpt\">\n\t\t\t<p>Qu\u00e8 s\u00f3n els problemes de conducta? Parlem de problemes de conducta quan es manifesten de manera persistent i continuada en<\/p>\n\t\t<\/div>\n\t\t\t\t\t<div class=\"elementor-post__read-more-wrapper\">\n\t\t\n\t\t<a class=\"elementor-post__read-more\" href=\"https:\/\/entrelazadogs.es\/ca\/problemes-de-conducta-en-nens-adolescents-i-adults\/\" aria-label=\"Read more about Problemes de Conducta en nens, adolescents i adults\" tabindex=\"-1\" >\n\t\t\tLlegir m\u00e9s \u00bb\t\t<\/a>\n\n\t\t\t\t\t<\/div>\n\t\t\t\t<\/div>\n\t\t\t\t\t<\/div>\n\t\t<\/article>\n\t\t\t\t<article class=\"elementor-post elementor-grid-item post-2739 post type-post status-publish format-standard has-post-thumbnail hentry category-sin-categoria\">\n\t\t\t<div class=\"elementor-post__card\">\n\t\t\t\t<a class=\"elementor-post__thumbnail__link\" href=\"https:\/\/entrelazadogs.es\/ca\/emocions-basiques-quines-son-i-quina-funcio-tenen\/\" tabindex=\"-1\" ><div class=\"elementor-post__thumbnail\"><img loading=\"lazy\" decoding=\"async\" width=\"900\" height=\"600\" src=\"https:\/\/entrelazadogs.es\/wp-content\/uploads\/2025\/11\/emociones-basicas-entrelazadogs.jpg\" class=\"attachment-full size-full wp-image-2740\" alt=\"\" srcset=\"https:\/\/entrelazadogs.es\/wp-content\/uploads\/2025\/11\/emociones-basicas-entrelazadogs.jpg 900w, https:\/\/entrelazadogs.es\/wp-content\/uploads\/2025\/11\/emociones-basicas-entrelazadogs-300x200.jpg 300w, https:\/\/entrelazadogs.es\/wp-content\/uploads\/2025\/11\/emociones-basicas-entrelazadogs-768x512.jpg 768w\" sizes=\"(max-width: 900px) 100vw, 900px\" \/><\/div><\/a>\n\t\t\t\t<div class=\"elementor-post__text\">\n\t\t\t\t<h3 class=\"elementor-post__title\">\n\t\t\t<a href=\"https:\/\/entrelazadogs.es\/ca\/emocions-basiques-quines-son-i-quina-funcio-tenen\/\" >\n\t\t\t\tEmocions B\u00e0siques: Quines s\u00f3n i quina funci\u00f3 tenen?\t\t\t<\/a>\n\t\t<\/h3>\n\t\t\t\t<div class=\"elementor-post__excerpt\">\n\t\t\t<p>Qu\u00e8 s\u00f3n les emocions? Abans de parlar sobre les emocions b\u00e0siques, primer \u00e9s important comprendre qu\u00e8 s\u00f3n les emocions. En<\/p>\n\t\t<\/div>\n\t\t\t\t\t<div class=\"elementor-post__read-more-wrapper\">\n\t\t\n\t\t<a class=\"elementor-post__read-more\" href=\"https:\/\/entrelazadogs.es\/ca\/emocions-basiques-quines-son-i-quina-funcio-tenen\/\" aria-label=\"Read more about Emocions B\u00e0siques: Quines s\u00f3n i quina funci\u00f3 tenen?\" tabindex=\"-1\" >\n\t\t\tLlegir m\u00e9s \u00bb\t\t<\/a>\n\n\t\t\t\t\t<\/div>\n\t\t\t\t<\/div>\n\t\t\t\t\t<\/div>\n\t\t<\/article>\n\t\t\t\t<article class=\"elementor-post elementor-grid-item post-2742 post type-post status-publish format-standard has-post-thumbnail hentry category-sin-categoria\">\n\t\t\t<div class=\"elementor-post__card\">\n\t\t\t\t<a class=\"elementor-post__thumbnail__link\" href=\"https:\/\/entrelazadogs.es\/ca\/el-gos-de-terapia-les-seves-caracteristiques-funcions-i-qualitats\/\" tabindex=\"-1\" ><div class=\"elementor-post__thumbnail\"><img loading=\"lazy\" decoding=\"async\" width=\"945\" height=\"701\" src=\"https:\/\/entrelazadogs.es\/wp-content\/uploads\/2025\/11\/entrelazadogs-perro-de-terapia.jpg\" class=\"attachment-full size-full wp-image-2743\" alt=\"\" srcset=\"https:\/\/entrelazadogs.es\/wp-content\/uploads\/2025\/11\/entrelazadogs-perro-de-terapia.jpg 945w, https:\/\/entrelazadogs.es\/wp-content\/uploads\/2025\/11\/entrelazadogs-perro-de-terapia-300x223.jpg 300w, https:\/\/entrelazadogs.es\/wp-content\/uploads\/2025\/11\/entrelazadogs-perro-de-terapia-768x570.jpg 768w\" sizes=\"(max-width: 945px) 100vw, 945px\" \/><\/div><\/a>\n\t\t\t\t<div class=\"elementor-post__text\">\n\t\t\t\t<h3 class=\"elementor-post__title\">\n\t\t\t<a href=\"https:\/\/entrelazadogs.es\/ca\/el-gos-de-terapia-les-seves-caracteristiques-funcions-i-qualitats\/\" >\n\t\t\t\tEl gos de ter\u00e0pia: Les seves caracter\u00edstiques, funcions i qualitats\t\t\t<\/a>\n\t\t<\/h3>\n\t\t\t\t<div class=\"elementor-post__excerpt\">\n\t\t\t<p>Qu\u00e8 \u00e9s un Gos de Ter\u00e0pia? Un gos d&#8217;intervenci\u00f3 i en concret un gos de ter\u00e0pia \u00e9s un animal que<\/p>\n\t\t<\/div>\n\t\t\t\t\t<div class=\"elementor-post__read-more-wrapper\">\n\t\t\n\t\t<a class=\"elementor-post__read-more\" href=\"https:\/\/entrelazadogs.es\/ca\/el-gos-de-terapia-les-seves-caracteristiques-funcions-i-qualitats\/\" aria-label=\"Read more about El gos de ter\u00e0pia: Les seves caracter\u00edstiques, funcions i qualitats\" tabindex=\"-1\" >\n\t\t\tLlegir m\u00e9s \u00bb\t\t<\/a>\n\n\t\t\t\t\t<\/div>\n\t\t\t\t<\/div>\n\t\t\t\t\t<\/div>\n\t\t<\/article>\n\t\t\t\t<article class=\"elementor-post elementor-grid-item post-2746 post type-post status-publish format-standard has-post-thumbnail hentry category-sin-categoria\">\n\t\t\t<div class=\"elementor-post__card\">\n\t\t\t\t<a class=\"elementor-post__thumbnail__link\" href=\"https:\/\/entrelazadogs.es\/ca\/que-es-la-terapia-assistida-amb-animals\/\" tabindex=\"-1\" ><div class=\"elementor-post__thumbnail\"><img loading=\"lazy\" decoding=\"async\" width=\"900\" height=\"596\" src=\"https:\/\/entrelazadogs.es\/wp-content\/uploads\/2025\/11\/terapia-con-conejos.jpg\" class=\"attachment-full size-full wp-image-2748\" alt=\"\" srcset=\"https:\/\/entrelazadogs.es\/wp-content\/uploads\/2025\/11\/terapia-con-conejos.jpg 900w, https:\/\/entrelazadogs.es\/wp-content\/uploads\/2025\/11\/terapia-con-conejos-300x199.jpg 300w, https:\/\/entrelazadogs.es\/wp-content\/uploads\/2025\/11\/terapia-con-conejos-768x509.jpg 768w\" sizes=\"(max-width: 900px) 100vw, 900px\" \/><\/div><\/a>\n\t\t\t\t<div class=\"elementor-post__text\">\n\t\t\t\t<h3 class=\"elementor-post__title\">\n\t\t\t<a href=\"https:\/\/entrelazadogs.es\/ca\/que-es-la-terapia-assistida-amb-animals\/\" >\n\t\t\t\tQu\u00e8 \u00e9s la Ter\u00e0pia Assistida amb Animals?\t\t\t<\/a>\n\t\t<\/h3>\n\t\t\t\t<div class=\"elementor-post__excerpt\">\n\t\t\t<p>La Ter\u00e0pia Assistida amb Animals (TAA) \u00e9s un tipus d&#8217;intervenci\u00f3 que incorpora animals al tractament. Aquests animals reuneixen unes caracter\u00edstiques<\/p>\n\t\t<\/div>\n\t\t\t\t\t<div class=\"elementor-post__read-more-wrapper\">\n\t\t\n\t\t<a class=\"elementor-post__read-more\" href=\"https:\/\/entrelazadogs.es\/ca\/que-es-la-terapia-assistida-amb-animals\/\" aria-label=\"Read more about Qu\u00e8 \u00e9s la Ter\u00e0pia Assistida amb Animals?\" tabindex=\"-1\" >\n\t\t\tLlegir m\u00e9s \u00bb\t\t<\/a>\n\n\t\t\t\t\t<\/div>\n\t\t\t\t<\/div>\n\t\t\t\t\t<\/div>\n\t\t<\/article>\n\t\t\t\t<article class=\"elementor-post elementor-grid-item post-2750 post type-post status-publish format-standard has-post-thumbnail hentry category-sin-categoria\">\n\t\t\t<div class=\"elementor-post__card\">\n\t\t\t\t<a class=\"elementor-post__thumbnail__link\" href=\"https:\/\/entrelazadogs.es\/ca\/per-a-mes-informacio-podeu-ingressar-al-web-disep\/\" tabindex=\"-1\" ><div class=\"elementor-post__thumbnail\"><img loading=\"lazy\" decoding=\"async\" width=\"1766\" height=\"1179\" src=\"https:\/\/entrelazadogs.es\/wp-content\/uploads\/2025\/11\/tipos-de-inteligencias.webp\" class=\"attachment-full size-full wp-image-2751\" alt=\"\" srcset=\"https:\/\/entrelazadogs.es\/wp-content\/uploads\/2025\/11\/tipos-de-inteligencias.webp 1766w, https:\/\/entrelazadogs.es\/wp-content\/uploads\/2025\/11\/tipos-de-inteligencias-300x200.webp 300w, https:\/\/entrelazadogs.es\/wp-content\/uploads\/2025\/11\/tipos-de-inteligencias-1024x684.webp 1024w, https:\/\/entrelazadogs.es\/wp-content\/uploads\/2025\/11\/tipos-de-inteligencias-768x513.webp 768w, https:\/\/entrelazadogs.es\/wp-content\/uploads\/2025\/11\/tipos-de-inteligencias-1536x1025.webp 1536w\" sizes=\"(max-width: 1766px) 100vw, 1766px\" \/><\/div><\/a>\n\t\t\t\t<div class=\"elementor-post__text\">\n\t\t\t\t<h3 class=\"elementor-post__title\">\n\t\t\t<a href=\"https:\/\/entrelazadogs.es\/ca\/per-a-mes-informacio-podeu-ingressar-al-web-disep\/\" >\n\t\t\t\tPer a m\u00e9s informaci\u00f3, podeu ingressar al web d&#8217;ISEP\t\t\t<\/a>\n\t\t<\/h3>\n\t\t\t\t<div class=\"elementor-post__excerpt\">\n\t\t\t<p>Intel\u00b7lig\u00e8ncia Intrapersonal i Interpersonal: Tot i que ambdues intel\u00b7lig\u00e8ncies corresponen a l&#8217;\u00e0rea social i emocional, aquestes es diferencien en les<\/p>\n\t\t<\/div>\n\t\t\t\t\t<div class=\"elementor-post__read-more-wrapper\">\n\t\t\n\t\t<a class=\"elementor-post__read-more\" href=\"https:\/\/entrelazadogs.es\/ca\/per-a-mes-informacio-podeu-ingressar-al-web-disep\/\" aria-label=\"Read more about Per a m\u00e9s informaci\u00f3, podeu ingressar al web d&#8217;ISEP\" tabindex=\"-1\" >\n\t\t\tLlegir m\u00e9s \u00bb\t\t<\/a>\n\n\t\t\t\t\t<\/div>\n\t\t\t\t<\/div>\n\t\t\t\t\t<\/div>\n\t\t<\/article>\n\t\t\t\t<\/div>\n\t\t\n\t\t\t\t\t\t<\/div>\n\t\t\t\t<\/div>\n\t\t\t\t<\/div>\n\t\t\t\t\t<\/div>\n\t\t\t\t<\/div>\n\t\t\t\t<\/div>\n\t\t","protected":false},"excerpt":{"rendered":"<p>Blog<\/p>\n","protected":false},"author":2,"featured_media":0,"parent":0,"menu_order":0,"comment_status":"closed","ping_status":"closed","template":"","meta":{"_acf_changed":false,"_joinchat":[],"footnotes":""},"class_list":["post-2538","page","type-page","status-publish","hentry"],"acf":[],"_links":{"self":[{"href":"https:\/\/entrelazadogs.es\/ca\/wp-json\/wp\/v2\/pages\/2538","targetHints":{"allow":["GET"]}}],"collection":[{"href":"https:\/\/entrelazadogs.es\/ca\/wp-json\/wp\/v2\/pages"}],"about":[{"href":"https:\/\/entrelazadogs.es\/ca\/wp-json\/wp\/v2\/types\/page"}],"author":[{"embeddable":true,"href":"https:\/\/entrelazadogs.es\/ca\/wp-json\/wp\/v2\/users\/2"}],"replies":[{"embeddable":true,"href":"https:\/\/entrelazadogs.es\/ca\/wp-json\/wp\/v2\/comments?post=2538"}],"version-history":[{"count":3,"href":"https:\/\/entrelazadogs.es\/ca\/wp-json\/wp\/v2\/pages\/2538\/revisions"}],"predecessor-version":[{"id":2545,"href":"https:\/\/entrelazadogs.es\/ca\/wp-json\/wp\/v2\/pages\/2538\/revisions\/2545"}],"wp:attachment":[{"href":"https:\/\/entrelazadogs.es\/ca\/wp-json\/wp\/v2\/media?parent=2538"}],"curies":[{"name":"wp","href":"https:\/\/api.w.org\/{rel}","templated":true}]}}