{"id":2692,"date":"2025-12-31T16:43:53","date_gmt":"2025-12-31T16:43:53","guid":{"rendered":"https:\/\/entrelazadogs.es\/andrea-bracho\/"},"modified":"2025-12-31T16:50:14","modified_gmt":"2025-12-31T16:50:14","slug":"andrea-bracho","status":"publish","type":"page","link":"https:\/\/entrelazadogs.es\/ca\/andrea-bracho\/","title":{"rendered":"Andrea Bracho"},"content":{"rendered":"\t\t<div data-elementor-type=\"wp-page\" data-elementor-id=\"2692\" class=\"elementor elementor-2692 elementor-2682\" data-elementor-post-type=\"page\">\n\t\t\t\t<div class=\"elementor-element elementor-element-7bda2c16 e-flex e-con-boxed e-con e-parent\" data-id=\"7bda2c16\" data-element_type=\"container\" data-e-type=\"container\" data-settings=\"{&quot;background_background&quot;:&quot;classic&quot;,&quot;shape_divider_bottom&quot;:&quot;split&quot;}\">\n\t\t\t\t\t<div class=\"e-con-inner\">\n\t\t\t\t<div class=\"elementor-shape elementor-shape-bottom\" aria-hidden=\"true\" data-negative=\"false\">\n\t\t\t<svg xmlns=\"http:\/\/www.w3.org\/2000\/svg\" viewBox=\"0 0 1000 20\" preserveAspectRatio=\"none\">\n\t<path class=\"elementor-shape-fill\" d=\"M0,0v3c0,0,393.8,0,483.4,0c9.2,0,16.6,7.4,16.6,16.6c0-9.1,7.4-16.6,16.6-16.6C606.2,3,1000,3,1000,3V0H0z\"\/>\n<\/svg>\t\t<\/div>\n\t\t<div class=\"elementor-element elementor-element-6db5d284 e-flex e-con-boxed e-con e-child\" data-id=\"6db5d284\" data-element_type=\"container\" data-e-type=\"container\">\n\t\t\t\t\t<div class=\"e-con-inner\">\n\t\t\t\t<div class=\"elementor-element elementor-element-57db1a4b text-center elementor-widget elementor-widget-tp-heading-title\" data-id=\"57db1a4b\" data-element_type=\"widget\" data-e-type=\"widget\" data-widget_type=\"tp-heading-title.default\">\n\t\t\t\t\t<div class=\"heading heading_style heading_style69f526ddd2703 style-1 \"  data-tp-gsap-heading-text=\"\" data-tp-gsap-sub-heading-text=\"\"><div class=\"sub-style\" ><div class=\"head-title \" > <h1  class=\"heading-title   \"  data-hover=\"Andrea Bracho\">Andrea Bracho<span class=\"title-s \">  <\/span><\/h1><\/div><\/div><\/div>\t\t\t\t<\/div>\n\t\t\t\t\t<\/div>\n\t\t\t\t<\/div>\n\t\t\t\t\t<\/div>\n\t\t\t\t<\/div>\n\t\t\t\t<section class=\"elementor-section elementor-top-section elementor-element elementor-element-30e08097 elementor-section-height-min-height elementor-section-items-top elementor-section-content-top elementor-section-boxed elementor-section-height-default\" data-id=\"30e08097\" data-element_type=\"section\" data-e-type=\"section\">\n\t\t\t\t\t\t<div class=\"elementor-container elementor-column-gap-default\">\n\t\t\t\t\t<div class=\"elementor-column elementor-col-50 elementor-top-column elementor-element elementor-element-3657639b elementor-invisible\" data-id=\"3657639b\" data-element_type=\"column\" data-e-type=\"column\" data-settings=\"{&quot;animation&quot;:&quot;fadeInUp&quot;,&quot;background_background&quot;:&quot;classic&quot;}\">\n\t\t\t<div class=\"elementor-widget-wrap elementor-element-populated\">\n\t\t\t\t\t\t<section class=\"elementor-section elementor-inner-section elementor-element elementor-element-35957a0c elementor-section-boxed elementor-section-height-default elementor-section-height-default\" data-id=\"35957a0c\" data-element_type=\"section\" data-e-type=\"section\">\n\t\t\t\t\t\t<div class=\"elementor-container elementor-column-gap-default\">\n\t\t\t\t\t<div class=\"elementor-column elementor-col-100 elementor-inner-column elementor-element elementor-element-74e7aef5\" data-id=\"74e7aef5\" data-element_type=\"column\" data-e-type=\"column\">\n\t\t\t<div class=\"elementor-widget-wrap elementor-element-populated\">\n\t\t\t\t\t\t<div class=\"elementor-element elementor-element-fa7d0d1 elementor-widget elementor-widget-image\" data-id=\"fa7d0d1\" data-element_type=\"widget\" data-e-type=\"widget\" data-widget_type=\"image.default\">\n\t\t\t\t\t\t\t\t\t\t\t\t\t\t\t<img fetchpriority=\"high\" decoding=\"async\" width=\"683\" height=\"1024\" src=\"https:\/\/entrelazadogs.es\/wp-content\/uploads\/2025\/11\/Fotografias-Entrelazadogs-039-683x1024.webp\" class=\"attachment-large size-large wp-image-2557\" alt=\"\" srcset=\"https:\/\/entrelazadogs.es\/wp-content\/uploads\/2025\/11\/Fotografias-Entrelazadogs-039-683x1024.webp 683w, https:\/\/entrelazadogs.es\/wp-content\/uploads\/2025\/11\/Fotografias-Entrelazadogs-039-200x300.webp 200w, https:\/\/entrelazadogs.es\/wp-content\/uploads\/2025\/11\/Fotografias-Entrelazadogs-039-768x1152.webp 768w, https:\/\/entrelazadogs.es\/wp-content\/uploads\/2025\/11\/Fotografias-Entrelazadogs-039-1024x1536.webp 1024w, https:\/\/entrelazadogs.es\/wp-content\/uploads\/2025\/11\/Fotografias-Entrelazadogs-039-1365x2048.webp 1365w, https:\/\/entrelazadogs.es\/wp-content\/uploads\/2025\/11\/Fotografias-Entrelazadogs-039-scaled.webp 1707w\" sizes=\"(max-width: 683px) 100vw, 683px\" \/>\t\t\t\t\t\t\t\t\t\t\t\t\t\t\t<\/div>\n\t\t\t\t\t<\/div>\n\t\t<\/div>\n\t\t\t\t\t<\/div>\n\t\t<\/section>\n\t\t\t\t<section class=\"elementor-section elementor-inner-section elementor-element elementor-element-23b515a elementor-section-boxed elementor-section-height-default elementor-section-height-default\" data-id=\"23b515a\" data-element_type=\"section\" data-e-type=\"section\">\n\t\t\t\t\t\t<div class=\"elementor-container elementor-column-gap-default\">\n\t\t\t\t\t<div class=\"elementor-column elementor-col-100 elementor-inner-column elementor-element elementor-element-213acc17\" data-id=\"213acc17\" data-element_type=\"column\" data-e-type=\"column\">\n\t\t\t<div class=\"elementor-widget-wrap elementor-element-populated\">\n\t\t\t\t\t\t<div class=\"elementor-element elementor-element-349748ad elementor-widget elementor-widget-heading\" data-id=\"349748ad\" data-element_type=\"widget\" data-e-type=\"widget\" data-widget_type=\"heading.default\">\n\t\t\t\t\t<h5 class=\"elementor-heading-title elementor-size-default\">Andrea Bracho<\/h5>\t\t\t\t<\/div>\n\t\t\t\t\t<\/div>\n\t\t<\/div>\n\t\t\t\t\t<\/div>\n\t\t<\/section>\n\t\t\t\t<section class=\"elementor-section elementor-inner-section elementor-element elementor-element-702acbf3 elementor-section-boxed elementor-section-height-default elementor-section-height-default\" data-id=\"702acbf3\" data-element_type=\"section\" data-e-type=\"section\">\n\t\t\t\t\t\t<div class=\"elementor-container elementor-column-gap-default\">\n\t\t\t\t\t<div class=\"elementor-column elementor-col-100 elementor-inner-column elementor-element elementor-element-5b9727c4\" data-id=\"5b9727c4\" data-element_type=\"column\" data-e-type=\"column\">\n\t\t\t<div class=\"elementor-widget-wrap elementor-element-populated\">\n\t\t\t\t\t\t<div class=\"elementor-element elementor-element-42fa13e3 elementor-widget__width-auto elementor-widget elementor-widget-elementskit-heading\" data-id=\"42fa13e3\" data-element_type=\"widget\" data-e-type=\"widget\" data-widget_type=\"elementskit-heading.default\">\n\t\t\t\t\t<div class=\"ekit-wid-con\" ><div class=\"ekit-heading elementskit-section-title-wraper text_center   ekit_heading_tablet-   ekit_heading_mobile-\"><h6 class=\"ekit-heading--title elementskit-section-title \">abracho@entrelazadogs.es<\/h6><\/div><\/div>\t\t\t\t<\/div>\n\t\t\t\t<div class=\"elementor-element elementor-element-2ba7fe72 elementor-widget elementor-widget-spacer\" data-id=\"2ba7fe72\" data-element_type=\"widget\" data-e-type=\"widget\" data-widget_type=\"spacer.default\">\n\t\t\t\t\t\t\t<div class=\"elementor-spacer\">\n\t\t\t<div class=\"elementor-spacer-inner\"><\/div>\n\t\t<\/div>\n\t\t\t\t\t\t<\/div>\n\t\t\t\t<div class=\"elementor-element elementor-element-74f16ef0 elementor-widget__width-auto elementor-widget elementor-widget-elementskit-heading\" data-id=\"74f16ef0\" data-element_type=\"widget\" data-e-type=\"widget\" data-widget_type=\"elementskit-heading.default\">\n\t\t\t\t\t<div class=\"ekit-wid-con\" ><div class=\"ekit-heading elementskit-section-title-wraper text_center   ekit_heading_tablet-   ekit_heading_mobile-\"><h6 class=\"ekit-heading--title elementskit-section-title \">  +34 657 63 24 64<\/h6><\/div><\/div>\t\t\t\t<\/div>\n\t\t\t\t<div class=\"elementor-element elementor-element-d6c90f elementor-widget elementor-widget-spacer\" data-id=\"d6c90f\" data-element_type=\"widget\" data-e-type=\"widget\" data-widget_type=\"spacer.default\">\n\t\t\t\t\t\t\t<div class=\"elementor-spacer\">\n\t\t\t<div class=\"elementor-spacer-inner\"><\/div>\n\t\t<\/div>\n\t\t\t\t\t\t<\/div>\n\t\t\t\t\t<\/div>\n\t\t<\/div>\n\t\t\t\t\t<\/div>\n\t\t<\/section>\n\t\t\t\t\t<\/div>\n\t\t<\/div>\n\t\t\t\t<div class=\"elementor-column elementor-col-50 elementor-top-column elementor-element elementor-element-63c896ef\" data-id=\"63c896ef\" data-element_type=\"column\" data-e-type=\"column\">\n\t\t\t<div class=\"elementor-widget-wrap elementor-element-populated\">\n\t\t\t\t\t\t<div class=\"elementor-element elementor-element-40d391c0 elementor-invisible elementor-widget elementor-widget-elementskit-heading\" data-id=\"40d391c0\" data-element_type=\"widget\" data-e-type=\"widget\" data-settings=\"{&quot;_animation&quot;:&quot;fadeInDown&quot;}\" data-widget_type=\"elementskit-heading.default\">\n\t\t\t\t\t<div class=\"ekit-wid-con\" ><div class=\"ekit-heading elementskit-section-title-wraper text_left   ekit_heading_tablet-   ekit_heading_mobile-\"><h2 class=\"ekit-heading--title elementskit-section-title \">Co-Fundadora \u2013 Psic\u00f2loga \u2013 Experta i T\u00e8cnica en Ter\u00e0pia Assistida amb Animals<\/h2><\/div><\/div>\t\t\t\t<\/div>\n\t\t\t\t<div class=\"elementor-element elementor-element-21577bea elementor-widget elementor-widget-text-editor\" data-id=\"21577bea\" data-element_type=\"widget\" data-e-type=\"widget\" data-widget_type=\"text-editor.default\">\n\t\t\t\t\t\t\t\t\t<p>\u00c9s psic\u00f2loga col\u00b7legiada (Col. n\u00fam. 22077), llicenciada en Psicologia per la Universitat Metropolitana de Caracas (Vene\u00e7uela). Diplomada en Psicologia Cl\u00ednica i M\u00e0ster en Psicologia Cl\u00ednica i Medicina Conductual, complementa la formaci\u00f3 amb un M\u00e0ster en Intervenci\u00f3 Educatiu-Terap\u00e8utica Assistida amb Animals per la Universitat de Barcelona i un M\u00e0ster en Ter\u00e0pia Assistida amb Animals per l&#8217;Institut Superior d&#8217;Estudis Psicol\u00f2gics (ISEP).<br><br>Dirigeix \u200b\u200bl&#8217;equip d&#8217;Entrelazadogs des del 2015, amb la seva s\u00f2cia Mireia.<br><br>Est\u00e0 especialitzada en psicoter\u00e0pia amb adolescents i adults joves, especialment en trastorns de conducta, estat d&#8217;\u00e0nim i altres psicopatologies. La seva vocaci\u00f3 i missi\u00f3 principal \u00e9s acompanyar els pacients i les seves fam\u00edlies, creant espais de confian\u00e7a i seguretat i facilitant processos respectuosos i efica\u00e7os que potenci\u00efn els seus recursos, fortaleses i autonomia emocional. A la seva pr\u00e0ctica cl\u00ednica integra la intervenci\u00f3 assistida amb animals, afavorint un entorn proper, segur i relaxat.<br><br>En paral\u00b7lel a la seva tasca cl\u00ednica, Andrea coordina i imparteix classes al M\u00e0ster en Intervenci\u00f3 Assistida amb Animals d&#8217;ISEP, supervisa pr\u00e0ctiques i treballs de final de m\u00e0ster, i comparteix la seva experi\u00e8ncia amb nous professionals per impulsar l&#8217;excel\u00b7l\u00e8ncia i el reconeixement de la ter\u00e0pia assistida amb animals com a pr\u00e0ctica professional de refer\u00e8ncia.<\/p>\t\t\t\t\t\t\t\t<\/div>\n\t\t\t\t\t<\/div>\n\t\t<\/div>\n\t\t\t\t\t<\/div>\n\t\t<\/section>\n\t\t\t\t<\/div>\n\t\t","protected":false},"excerpt":{"rendered":"<p>Andrea Bracho Andrea Bracho abracho@entrelazadogs.es +34 657 63 24 64 Co-Fundadora \u2013 Psic\u00f2loga \u2013 Experta i T\u00e8cnica en Ter\u00e0pia Assistida amb Animals \u00c9s psic\u00f2loga col\u00b7legiada (Col. n\u00fam. 22077), llicenciada en Psicologia per la Universitat Metropolitana de Caracas (Vene\u00e7uela). Diplomada en Psicologia Cl\u00ednica i M\u00e0ster en Psicologia Cl\u00ednica i Medicina Conductual, complementa la formaci\u00f3 amb un [&hellip;]<\/p>\n","protected":false},"author":2,"featured_media":0,"parent":0,"menu_order":0,"comment_status":"closed","ping_status":"closed","template":"elementor_header_footer","meta":{"_acf_changed":false,"_joinchat":[],"footnotes":""},"class_list":["post-2692","page","type-page","status-publish","hentry"],"acf":[],"_links":{"self":[{"href":"https:\/\/entrelazadogs.es\/ca\/wp-json\/wp\/v2\/pages\/2692","targetHints":{"allow":["GET"]}}],"collection":[{"href":"https:\/\/entrelazadogs.es\/ca\/wp-json\/wp\/v2\/pages"}],"about":[{"href":"https:\/\/entrelazadogs.es\/ca\/wp-json\/wp\/v2\/types\/page"}],"author":[{"embeddable":true,"href":"https:\/\/entrelazadogs.es\/ca\/wp-json\/wp\/v2\/users\/2"}],"replies":[{"embeddable":true,"href":"https:\/\/entrelazadogs.es\/ca\/wp-json\/wp\/v2\/comments?post=2692"}],"version-history":[{"count":1,"href":"https:\/\/entrelazadogs.es\/ca\/wp-json\/wp\/v2\/pages\/2692\/revisions"}],"predecessor-version":[{"id":2693,"href":"https:\/\/entrelazadogs.es\/ca\/wp-json\/wp\/v2\/pages\/2692\/revisions\/2693"}],"wp:attachment":[{"href":"https:\/\/entrelazadogs.es\/ca\/wp-json\/wp\/v2\/media?parent=2692"}],"curies":[{"name":"wp","href":"https:\/\/api.w.org\/{rel}","templated":true}]}}