{"id":2694,"date":"2025-12-31T16:40:21","date_gmt":"2025-12-31T16:40:21","guid":{"rendered":"https:\/\/entrelazadogs.es\/mireia-bosch\/"},"modified":"2025-12-31T16:53:53","modified_gmt":"2025-12-31T16:53:53","slug":"mireia-bosch","status":"publish","type":"page","link":"https:\/\/entrelazadogs.es\/ca\/mireia-bosch\/","title":{"rendered":"Mireia Bosch"},"content":{"rendered":"\t\t<div data-elementor-type=\"wp-page\" data-elementor-id=\"2694\" class=\"elementor elementor-2694 elementor-2673\" data-elementor-post-type=\"page\">\n\t\t\t\t<div class=\"elementor-element elementor-element-8dba57 e-flex e-con-boxed e-con e-parent\" data-id=\"8dba57\" data-element_type=\"container\" data-e-type=\"container\" data-settings=\"{&quot;background_background&quot;:&quot;classic&quot;,&quot;shape_divider_bottom&quot;:&quot;split&quot;}\">\n\t\t\t\t\t<div class=\"e-con-inner\">\n\t\t\t\t<div class=\"elementor-shape elementor-shape-bottom\" aria-hidden=\"true\" data-negative=\"false\">\n\t\t\t<svg xmlns=\"http:\/\/www.w3.org\/2000\/svg\" viewBox=\"0 0 1000 20\" preserveAspectRatio=\"none\">\n\t<path class=\"elementor-shape-fill\" d=\"M0,0v3c0,0,393.8,0,483.4,0c9.2,0,16.6,7.4,16.6,16.6c0-9.1,7.4-16.6,16.6-16.6C606.2,3,1000,3,1000,3V0H0z\"\/>\n<\/svg>\t\t<\/div>\n\t\t<div class=\"elementor-element elementor-element-4c7e0927 e-flex e-con-boxed e-con e-child\" data-id=\"4c7e0927\" data-element_type=\"container\" data-e-type=\"container\">\n\t\t\t\t\t<div class=\"e-con-inner\">\n\t\t\t\t<div class=\"elementor-element elementor-element-53a7231c text-center elementor-widget elementor-widget-tp-heading-title\" data-id=\"53a7231c\" data-element_type=\"widget\" data-e-type=\"widget\" data-widget_type=\"tp-heading-title.default\">\n\t\t\t\t\t<div class=\"heading heading_style heading_style69f52789ddef5 style-1 \"  data-tp-gsap-heading-text=\"\" data-tp-gsap-sub-heading-text=\"\"><div class=\"sub-style\" ><div class=\"head-title \" > <h1  class=\"heading-title   \"  data-hover=\"Mireia Bosch\">Mireia Bosch<span class=\"title-s \">  <\/span><\/h1><\/div><\/div><\/div>\t\t\t\t<\/div>\n\t\t\t\t\t<\/div>\n\t\t\t\t<\/div>\n\t\t\t\t\t<\/div>\n\t\t\t\t<\/div>\n\t\t\t\t<section class=\"elementor-section elementor-top-section elementor-element elementor-element-5cea3322 elementor-section-height-min-height elementor-section-items-top elementor-section-content-top elementor-section-boxed elementor-section-height-default\" data-id=\"5cea3322\" data-element_type=\"section\" data-e-type=\"section\">\n\t\t\t\t\t\t<div class=\"elementor-container elementor-column-gap-default\">\n\t\t\t\t\t<div class=\"elementor-column elementor-col-50 elementor-top-column elementor-element elementor-element-686f3d08 elementor-invisible\" data-id=\"686f3d08\" data-element_type=\"column\" data-e-type=\"column\" data-settings=\"{&quot;animation&quot;:&quot;fadeInUp&quot;,&quot;background_background&quot;:&quot;classic&quot;}\">\n\t\t\t<div class=\"elementor-widget-wrap elementor-element-populated\">\n\t\t\t\t\t\t<section class=\"elementor-section elementor-inner-section elementor-element elementor-element-210fce5e elementor-section-boxed elementor-section-height-default elementor-section-height-default\" data-id=\"210fce5e\" data-element_type=\"section\" data-e-type=\"section\">\n\t\t\t\t\t\t<div class=\"elementor-container elementor-column-gap-default\">\n\t\t\t\t\t<div class=\"elementor-column elementor-col-100 elementor-inner-column elementor-element elementor-element-515d39e3\" data-id=\"515d39e3\" data-element_type=\"column\" data-e-type=\"column\">\n\t\t\t<div class=\"elementor-widget-wrap elementor-element-populated\">\n\t\t\t\t\t\t<div class=\"elementor-element elementor-element-5fff3b41 elementor-widget elementor-widget-image\" data-id=\"5fff3b41\" data-element_type=\"widget\" data-e-type=\"widget\" data-widget_type=\"image.default\">\n\t\t\t\t\t\t\t\t\t\t\t\t\t\t\t<img fetchpriority=\"high\" decoding=\"async\" width=\"788\" height=\"1024\" src=\"https:\/\/entrelazadogs.es\/wp-content\/uploads\/2025\/11\/Fotografias-Entrelazadogs-040-scaled-e1764284249973-788x1024.webp\" class=\"attachment-large size-large wp-image-2556\" alt=\"\" srcset=\"https:\/\/entrelazadogs.es\/wp-content\/uploads\/2025\/11\/Fotografias-Entrelazadogs-040-scaled-e1764284249973-788x1024.webp 788w, https:\/\/entrelazadogs.es\/wp-content\/uploads\/2025\/11\/Fotografias-Entrelazadogs-040-scaled-e1764284249973-231x300.webp 231w, https:\/\/entrelazadogs.es\/wp-content\/uploads\/2025\/11\/Fotografias-Entrelazadogs-040-scaled-e1764284249973-768x997.webp 768w, https:\/\/entrelazadogs.es\/wp-content\/uploads\/2025\/11\/Fotografias-Entrelazadogs-040-scaled-e1764284249973.webp 1155w\" sizes=\"(max-width: 788px) 100vw, 788px\" \/>\t\t\t\t\t\t\t\t\t\t\t\t\t\t\t<\/div>\n\t\t\t\t\t<\/div>\n\t\t<\/div>\n\t\t\t\t\t<\/div>\n\t\t<\/section>\n\t\t\t\t<section class=\"elementor-section elementor-inner-section elementor-element elementor-element-6f5eb8b9 elementor-section-boxed elementor-section-height-default elementor-section-height-default\" data-id=\"6f5eb8b9\" data-element_type=\"section\" data-e-type=\"section\">\n\t\t\t\t\t\t<div class=\"elementor-container elementor-column-gap-default\">\n\t\t\t\t\t<div class=\"elementor-column elementor-col-100 elementor-inner-column elementor-element elementor-element-464560f4\" data-id=\"464560f4\" data-element_type=\"column\" data-e-type=\"column\">\n\t\t\t<div class=\"elementor-widget-wrap elementor-element-populated\">\n\t\t\t\t\t\t<div class=\"elementor-element elementor-element-1f5c1774 elementor-widget elementor-widget-heading\" data-id=\"1f5c1774\" data-element_type=\"widget\" data-e-type=\"widget\" data-widget_type=\"heading.default\">\n\t\t\t\t\t<h5 class=\"elementor-heading-title elementor-size-default\">Mireia Bosch<\/h5>\t\t\t\t<\/div>\n\t\t\t\t\t<\/div>\n\t\t<\/div>\n\t\t\t\t\t<\/div>\n\t\t<\/section>\n\t\t\t\t<section class=\"elementor-section elementor-inner-section elementor-element elementor-element-6be0ac25 elementor-section-boxed elementor-section-height-default elementor-section-height-default\" data-id=\"6be0ac25\" data-element_type=\"section\" data-e-type=\"section\">\n\t\t\t\t\t\t<div class=\"elementor-container elementor-column-gap-default\">\n\t\t\t\t\t<div class=\"elementor-column elementor-col-100 elementor-inner-column elementor-element elementor-element-7bd86110\" data-id=\"7bd86110\" data-element_type=\"column\" data-e-type=\"column\">\n\t\t\t<div class=\"elementor-widget-wrap elementor-element-populated\">\n\t\t\t\t\t\t<div class=\"elementor-element elementor-element-64a37304 elementor-widget__width-auto elementor-widget elementor-widget-elementskit-heading\" data-id=\"64a37304\" data-element_type=\"widget\" data-e-type=\"widget\" data-widget_type=\"elementskit-heading.default\">\n\t\t\t\t\t<div class=\"ekit-wid-con\" ><div class=\"ekit-heading elementskit-section-title-wraper text_center   ekit_heading_tablet-   ekit_heading_mobile-\"><h6 class=\"ekit-heading--title elementskit-section-title \">mbosch@entrelazadogs.es<\/h6><\/div><\/div>\t\t\t\t<\/div>\n\t\t\t\t<div class=\"elementor-element elementor-element-b153f27 elementor-widget elementor-widget-spacer\" data-id=\"b153f27\" data-element_type=\"widget\" data-e-type=\"widget\" data-widget_type=\"spacer.default\">\n\t\t\t\t\t\t\t<div class=\"elementor-spacer\">\n\t\t\t<div class=\"elementor-spacer-inner\"><\/div>\n\t\t<\/div>\n\t\t\t\t\t\t<\/div>\n\t\t\t\t<div class=\"elementor-element elementor-element-239fab0e elementor-widget__width-auto elementor-widget elementor-widget-elementskit-heading\" data-id=\"239fab0e\" data-element_type=\"widget\" data-e-type=\"widget\" data-widget_type=\"elementskit-heading.default\">\n\t\t\t\t\t<div class=\"ekit-wid-con\" ><div class=\"ekit-heading elementskit-section-title-wraper text_center   ekit_heading_tablet-   ekit_heading_mobile-\"><h6 class=\"ekit-heading--title elementskit-section-title \">+34 627 26 94 47<\/h6><\/div><\/div>\t\t\t\t<\/div>\n\t\t\t\t<div class=\"elementor-element elementor-element-784e11a elementor-widget elementor-widget-spacer\" data-id=\"784e11a\" data-element_type=\"widget\" data-e-type=\"widget\" data-widget_type=\"spacer.default\">\n\t\t\t\t\t\t\t<div class=\"elementor-spacer\">\n\t\t\t<div class=\"elementor-spacer-inner\"><\/div>\n\t\t<\/div>\n\t\t\t\t\t\t<\/div>\n\t\t\t\t\t<\/div>\n\t\t<\/div>\n\t\t\t\t\t<\/div>\n\t\t<\/section>\n\t\t\t\t\t<\/div>\n\t\t<\/div>\n\t\t\t\t<div class=\"elementor-column elementor-col-50 elementor-top-column elementor-element elementor-element-4b87f6fe\" data-id=\"4b87f6fe\" data-element_type=\"column\" data-e-type=\"column\">\n\t\t\t<div class=\"elementor-widget-wrap elementor-element-populated\">\n\t\t\t\t\t\t<div class=\"elementor-element elementor-element-2cecd164 elementor-invisible elementor-widget elementor-widget-elementskit-heading\" data-id=\"2cecd164\" data-element_type=\"widget\" data-e-type=\"widget\" data-settings=\"{&quot;_animation&quot;:&quot;fadeInDown&quot;}\" data-widget_type=\"elementskit-heading.default\">\n\t\t\t\t\t<div class=\"ekit-wid-con\" ><div class=\"ekit-heading elementskit-section-title-wraper text_left   ekit_heading_tablet-   ekit_heading_mobile-\"><h2 class=\"ekit-heading--title elementskit-section-title \">Co-Fundadora \u2013 Psic\u00f2loga \u2013 Experta i T\u00e8cnica en Ter\u00e0pia Assistida amb Animals<\/h2><\/div><\/div>\t\t\t\t<\/div>\n\t\t\t\t<div class=\"elementor-element elementor-element-6caa017c elementor-widget elementor-widget-text-editor\" data-id=\"6caa017c\" data-element_type=\"widget\" data-e-type=\"widget\" data-widget_type=\"text-editor.default\">\n\t\t\t\t\t\t\t\t\t<p>\u00c9s psic\u00f2loga col\u00b7legiada (Col. n\u00fam. 23741), especialitzada en intervenci\u00f3 infantojuvenil, amb \u00e0mplia formaci\u00f3 en Trastorn de l&#8217;Espectre de l&#8217;Autisme (TEA) i Atenci\u00f3 Primerenca. Des de nena va mostrar una profunda passi\u00f3 pels gossos i el seu comportament, cosa que la va portar a combinar aquesta fascinaci\u00f3 amb la seva vocaci\u00f3 per la psicologia, desenvolupant un enfocament terap\u00e8utic \u00fanic i integrador. T\u00e9 un M\u00e0ster en Intervenci\u00f3 Educatiu-Terap\u00e8utica Assistida amb Animals per la Universitat de Barcelona i un M\u00e0ster en Ter\u00e0pia Assistida amb Animals per l&#8217;Institut Superior d&#8217;Estudis Psicol\u00f2gics (ISEP). \u00c9s T\u00e8cnica i Experta en Ter\u00e0pia Assistida amb Gossos.   <br><br>Des del 2015 dirigeix \u200b\u200bamb la seva s\u00f2cia Andrea, Entrelazadogs, consolidant el projecte com a referent en Intervencions Assistides amb Animals a Espanya. La seva missi\u00f3 \u00e9s acompanyar nens, adolescents i fam\u00edlies, generant espais de confian\u00e7a on cada persona pugui desenvolupar les seves habilitats emocionals, socials i personals. El seu treball combina sensibilitat, rigor i un respecte profund per l&#8217;enlla\u00e7 amb els animals,  <br><br>Adem\u00e1s de su labor cl\u00ednica, Mireia ces coordinadora y docente en el M\u00e1ster en Intervenci\u00f3n Asistida con Animales de ISEP y es profesora universitaria. Su compromiso con la divulgaci\u00f3n, la formaci\u00f3n y la excelencia le permiten transmitir su experiencia y metodolog\u00eda a nuevos profesionales, contribuyendo al crecimiento y profesionalizaci\u00f3n del sector. <\/p>\t\t\t\t\t\t\t\t<\/div>\n\t\t\t\t\t<\/div>\n\t\t<\/div>\n\t\t\t\t\t<\/div>\n\t\t<\/section>\n\t\t\t\t<\/div>\n\t\t","protected":false},"excerpt":{"rendered":"<p>Mireia Bosch Mireia Bosch mbosch@entrelazadogs.es +34 627 26 94 47 Co-Fundadora \u2013 Psic\u00f2loga \u2013 Experta i T\u00e8cnica en Ter\u00e0pia Assistida amb Animals \u00c9s psic\u00f2loga col\u00b7legiada (Col. n\u00fam. 23741), especialitzada en intervenci\u00f3 infantojuvenil, amb \u00e0mplia formaci\u00f3 en Trastorn de l&#8217;Espectre de l&#8217;Autisme (TEA) i Atenci\u00f3 Primerenca. Des de nena va mostrar una profunda passi\u00f3 pels gossos [&hellip;]<\/p>\n","protected":false},"author":2,"featured_media":0,"parent":0,"menu_order":0,"comment_status":"closed","ping_status":"closed","template":"elementor_header_footer","meta":{"_acf_changed":false,"_joinchat":[],"footnotes":""},"class_list":["post-2694","page","type-page","status-publish","hentry"],"acf":[],"_links":{"self":[{"href":"https:\/\/entrelazadogs.es\/ca\/wp-json\/wp\/v2\/pages\/2694","targetHints":{"allow":["GET"]}}],"collection":[{"href":"https:\/\/entrelazadogs.es\/ca\/wp-json\/wp\/v2\/pages"}],"about":[{"href":"https:\/\/entrelazadogs.es\/ca\/wp-json\/wp\/v2\/types\/page"}],"author":[{"embeddable":true,"href":"https:\/\/entrelazadogs.es\/ca\/wp-json\/wp\/v2\/users\/2"}],"replies":[{"embeddable":true,"href":"https:\/\/entrelazadogs.es\/ca\/wp-json\/wp\/v2\/comments?post=2694"}],"version-history":[{"count":1,"href":"https:\/\/entrelazadogs.es\/ca\/wp-json\/wp\/v2\/pages\/2694\/revisions"}],"predecessor-version":[{"id":2695,"href":"https:\/\/entrelazadogs.es\/ca\/wp-json\/wp\/v2\/pages\/2694\/revisions\/2695"}],"wp:attachment":[{"href":"https:\/\/entrelazadogs.es\/ca\/wp-json\/wp\/v2\/media?parent=2694"}],"curies":[{"name":"wp","href":"https:\/\/api.w.org\/{rel}","templated":true}]}}